{"id":19,"date":"2024-11-19T16:28:21","date_gmt":"2024-11-19T15:28:21","guid":{"rendered":"http:\/\/berliner-modell-tfp.de\/?page_id=19"},"modified":"2024-11-19T16:28:21","modified_gmt":"2024-11-19T15:28:21","slug":"geschichte-und-kerngedanke","status":"publish","type":"page","link":"http:\/\/berliner-modell-tfp.de\/index.php\/geschichte-und-kerngedanke\/","title":{"rendered":"Geschichte und Kerngedanke"},"content":{"rendered":"\n<p>Das Berliner Modell wurde im Jahr 1982 an der Psychiatrischen Klinik der Freien Universit\u00e4t Berlin (Campus Eschenallee) als Kooperationsverbund Berliner psychiatrischer Krankenh\u00e4user und Abteilungen gegr\u00fcndet. Ziel war es, die Weiterbildung in tiefenpsychologisch fundierter Psychiatrie im Rahmen der Facharztweiterbildung f\u00fcr Psychiatrie \u2013 sp\u00e4ter f\u00fcr Psychiatrie und Psychotherapie \u2013 und der Bereichsbezeichnung Psychotherapie kliniknah zu verankern. Die Vermittlung der theoretischen Inhalte wird von Dozent:innen aus Berliner psychoanalytischen Instituten sowie der beteiligten Kliniken und Praxen getragen.<\/p>\n\n\n\n<p>Die vermittelte Theorie fu\u00dft auf dem psychoanalytischen Verst\u00e4ndnis von Neurosen- und Krankheitslehre und darauf bezogener Anwendung in tiefenpsychologisch fundierten Behandlungsmethoden. Den Weiterbildungsteilnehmenden wird dabei ein Krankheits- und Behandlungsverst\u00e4ndnis vermittelt, das biographische Konfliktkonstellationen und pathogen wirkende Pers\u00f6nlichkeitspr\u00e4gungen mit aktuellen Problematiken und Beziehungsmustern der Behandlung suchenden Patient:innen in Verbindung bringt und durch Deutungen eine vertiefte Einsicht erm\u00f6glicht.<\/p>\n\n\n\n<p>Das Berliner Modell integriert auch zus\u00e4tzlich Ans\u00e4tze und Verfahren in den Ausbildungsgang, so werden zum Beispiel Grundkenntnisse in der Psychotraumatologie und Verhaltenstherapie vermittelt.<\/p>\n","protected":false},"excerpt":{"rendered":"<p>Das Berliner Modell wurde im Jahr 1982 an der Psychiatrischen Klinik der Freien Universit\u00e4t Berlin (Campus Eschenallee) als Kooperationsverbund Berliner psychiatrischer Krankenh\u00e4user und Abteilungen gegr\u00fcndet. Ziel war es, die Weiterbildung in tiefenpsychologisch fundierter Psychiatrie im Rahmen der Facharztweiterbildung f\u00fcr Psychiatrie \u2013 sp\u00e4ter f\u00fcr Psychiatrie und Psychotherapie \u2013 und der Bereichsbezeichnung Psychotherapie kliniknah zu verankern. Die [&hellip;]<\/p>\n","protected":false},"author":1,"featured_media":0,"parent":0,"menu_order":0,"comment_status":"closed","ping_status":"closed","template":"","meta":{"footnotes":""},"class_list":["post-19","page","type-page","status-publish","hentry"],"_links":{"self":[{"href":"http:\/\/berliner-modell-tfp.de\/index.php\/wp-json\/wp\/v2\/pages\/19","targetHints":{"allow":["GET"]}}],"collection":[{"href":"http:\/\/berliner-modell-tfp.de\/index.php\/wp-json\/wp\/v2\/pages"}],"about":[{"href":"http:\/\/berliner-modell-tfp.de\/index.php\/wp-json\/wp\/v2\/types\/page"}],"author":[{"embeddable":true,"href":"http:\/\/berliner-modell-tfp.de\/index.php\/wp-json\/wp\/v2\/users\/1"}],"replies":[{"embeddable":true,"href":"http:\/\/berliner-modell-tfp.de\/index.php\/wp-json\/wp\/v2\/comments?post=19"}],"version-history":[{"count":1,"href":"http:\/\/berliner-modell-tfp.de\/index.php\/wp-json\/wp\/v2\/pages\/19\/revisions"}],"predecessor-version":[{"id":20,"href":"http:\/\/berliner-modell-tfp.de\/index.php\/wp-json\/wp\/v2\/pages\/19\/revisions\/20"}],"wp:attachment":[{"href":"http:\/\/berliner-modell-tfp.de\/index.php\/wp-json\/wp\/v2\/media?parent=19"}],"curies":[{"name":"wp","href":"https:\/\/api.w.org\/{rel}","templated":true}]}}