{"id":33,"date":"2024-11-19T16:50:33","date_gmt":"2024-11-19T15:50:33","guid":{"rendered":"http:\/\/berliner-modell-tfp.de\/?page_id=33"},"modified":"2026-03-16T17:57:01","modified_gmt":"2026-03-16T16:57:01","slug":"gebuehren","status":"publish","type":"page","link":"http:\/\/berliner-modell-tfp.de\/index.php\/gebuehren\/","title":{"rendered":"Geb\u00fchren"},"content":{"rendered":"\n<figure class=\"wp-block-table\"><table class=\"has-fixed-layout\"><tbody><tr><td><strong>Theorie-Seminare <\/strong>(6 Semester \u00e0 190,00 Euro inkl. Studienbuch)<\/td><td class=\"has-text-align-right\" data-align=\"right\"><strong>1.140,00 Euro<\/strong><\/td><\/tr><tr><td><strong>Zwischenkolloquium<\/strong><\/td><td class=\"has-text-align-right\" data-align=\"right\"><strong>80,00 Euro<\/strong><\/td><\/tr><tr><td><strong>Abschlusskolloquium<\/strong><\/td><td class=\"has-text-align-right\" data-align=\"right\"><strong>120,00 Euro<\/strong><\/td><\/tr><\/tbody><\/table><\/figure>\n\n\n\n<p><strong>Zus\u00e4tzliche Kosten<\/strong><\/p>\n\n\n\n<p>(Der Umfang richtet sich jeweils nach den individuellen Vereinbarungen sowie den Vorgaben der \u00c4rztekammern (Berlin, Brandenburg, Mecklenburg-Vorpommern):<\/p>\n\n\n\n<ul class=\"wp-block-list\">\n<li>pers\u00f6nliches Gespr\u00e4ch bei Anmeldung zur Weiterbildung im Berliner Modell<\/li>\n\n\n\n<li>Lehrtherapie<\/li>\n\n\n\n<li>Supervision<\/li>\n\n\n\n<li>Balint-Gruppen<\/li>\n\n\n\n<li>Kurs: Autogenes Training (Einf\u00fchrung)<\/li>\n\n\n\n<li>Zweitverfahren (z. B. Verhaltenstherapie, Systemische Therapie)<\/li>\n\n\n\n<li>Theoriecurriculum: Psychodynamische Gruppentherapie<\/li>\n<\/ul>\n\n\n\n<p><\/p>\n","protected":false},"excerpt":{"rendered":"<p>Theorie-Seminare (6 Semester \u00e0 190,00 Euro inkl. Studienbuch) 1.140,00 Euro Zwischenkolloquium 80,00 Euro Abschlusskolloquium 120,00 Euro Zus\u00e4tzliche Kosten (Der Umfang richtet sich jeweils nach den individuellen Vereinbarungen sowie den Vorgaben der \u00c4rztekammern (Berlin, Brandenburg, Mecklenburg-Vorpommern):<\/p>\n","protected":false},"author":1,"featured_media":0,"parent":0,"menu_order":0,"comment_status":"closed","ping_status":"closed","template":"","meta":{"footnotes":""},"class_list":["post-33","page","type-page","status-publish","hentry"],"_links":{"self":[{"href":"http:\/\/berliner-modell-tfp.de\/index.php\/wp-json\/wp\/v2\/pages\/33","targetHints":{"allow":["GET"]}}],"collection":[{"href":"http:\/\/berliner-modell-tfp.de\/index.php\/wp-json\/wp\/v2\/pages"}],"about":[{"href":"http:\/\/berliner-modell-tfp.de\/index.php\/wp-json\/wp\/v2\/types\/page"}],"author":[{"embeddable":true,"href":"http:\/\/berliner-modell-tfp.de\/index.php\/wp-json\/wp\/v2\/users\/1"}],"replies":[{"embeddable":true,"href":"http:\/\/berliner-modell-tfp.de\/index.php\/wp-json\/wp\/v2\/comments?post=33"}],"version-history":[{"count":4,"href":"http:\/\/berliner-modell-tfp.de\/index.php\/wp-json\/wp\/v2\/pages\/33\/revisions"}],"predecessor-version":[{"id":444,"href":"http:\/\/berliner-modell-tfp.de\/index.php\/wp-json\/wp\/v2\/pages\/33\/revisions\/444"}],"wp:attachment":[{"href":"http:\/\/berliner-modell-tfp.de\/index.php\/wp-json\/wp\/v2\/media?parent=33"}],"curies":[{"name":"wp","href":"https:\/\/api.w.org\/{rel}","templated":true}]}}