{"id":58,"date":"2024-11-19T17:03:43","date_gmt":"2024-11-19T16:03:43","guid":{"rendered":"http:\/\/berliner-modell-tfp.de\/?page_id=58"},"modified":"2026-04-19T15:53:31","modified_gmt":"2026-04-19T13:53:31","slug":"veranstaltungen","status":"publish","type":"page","link":"http:\/\/berliner-modell-tfp.de\/index.php\/veranstaltungen\/","title":{"rendered":"Veranstaltungen"},"content":{"rendered":"\n<div class=\"wp-block-columns is-layout-flex wp-container-core-columns-is-layout-28f84493 wp-block-columns-is-layout-flex\">\n<div class=\"wp-block-column is-layout-flow wp-block-column-is-layout-flow\">\n<p><strong>30 Jahre Berliner Modell:<\/strong><\/p>\n<\/div>\n\n\n\n<div class=\"wp-block-column is-layout-flow wp-block-column-is-layout-flow\">\n<p class=\"has-black-color has-text-color has-link-color wp-elements-2d5ffd97066266c3aa76d3d1a37e59e2\"><a href=\"http:\/\/berliner-modell-tfp.de\/wp-content\/uploads\/2024\/12\/30jahreberlinermodell.pdf\" target=\"_blank\" rel=\"noreferrer noopener\">Festschrift zum 30-j\u00e4hrigen Bestehen<\/a><\/p>\n<\/div>\n<\/div>\n\n\n\n<div class=\"wp-block-columns is-layout-flex wp-container-core-columns-is-layout-28f84493 wp-block-columns-is-layout-flex\">\n<div class=\"wp-block-column is-layout-flow wp-block-column-is-layout-flow\">\n<p><strong>40 Jahre Berliner Modell:<\/strong><\/p>\n<\/div>\n\n\n\n<div class=\"wp-block-column is-layout-flow wp-block-column-is-layout-flow\">\n<p class=\"has-text-color has-link-color wp-elements-7a828f6d188768411678adb9513dc0d4\" style=\"color:#17406d\"><a href=\"http:\/\/berliner-modell-tfp.de\/wp-content\/uploads\/2025\/01\/Jubilaeumsbroschuere-40-Jahre-Berliner-Modell.pdf\" target=\"_blank\" rel=\"noreferrer noopener\">Jubil\u00e4umsbrosch\u00fcre zum 40-j\u00e4hrigen Bestehen:<\/a><br>Psychodynamische Psychotherapie in der Psychiatrie: Vision, Illusion, Realit\u00e4t?<\/p>\n<\/div>\n<\/div>\n\n\n\n<p><strong>Semestertreffen:<\/strong><\/p>\n\n\n\n<div class=\"wp-block-columns is-layout-flex wp-container-core-columns-is-layout-28f84493 wp-block-columns-is-layout-flex\">\n<div class=\"wp-block-column is-layout-flow wp-block-column-is-layout-flow\" style=\"flex-basis:33.33%\">\n<p>Termin:<\/p>\n<\/div>\n\n\n\n<div class=\"wp-block-column is-layout-flow wp-block-column-is-layout-flow\" style=\"flex-basis:66.66%\">\n<p>Der n\u00e4chste Termin wird rechtzeitig bekanntgegeben.<\/p>\n<\/div>\n<\/div>\n\n\n\n<div class=\"wp-block-columns is-layout-flex wp-container-core-columns-is-layout-28f84493 wp-block-columns-is-layout-flex\">\n<div class=\"wp-block-column is-layout-flow wp-block-column-is-layout-flow\" style=\"flex-basis:33.33%\">\n<p>Ort:<\/p>\n<\/div>\n\n\n\n<div class=\"wp-block-column is-layout-flow wp-block-column-is-layout-flow\" style=\"flex-basis:66.66%\">\n<p class=\"has-link-color wp-elements-44ece1c691ad3281da947b7ed63ab3e4\">Der Veranstaltungsort wird rechtzeitig bekanntgegeben.<\/p>\n<\/div>\n<\/div>\n\n\n\n<div class=\"wp-block-columns is-layout-flex wp-container-core-columns-is-layout-28f84493 wp-block-columns-is-layout-flex\">\n<div class=\"wp-block-column is-layout-flow wp-block-column-is-layout-flow\" style=\"flex-basis:33.33%\">\n<p>Anmeldung:<\/p>\n<\/div>\n\n\n\n<div class=\"wp-block-column is-layout-flow wp-block-column-is-layout-flow\" style=\"flex-basis:66.66%\">\n<p><a href=\"mailto:a.kwalek@privatpraxis-halensee.de\" target=\"_blank\" rel=\"noreferrer noopener\">a.kwalek@privatpraxis-halensee.de<\/a><\/p>\n<\/div>\n<\/div>\n\n\n\n<p><strong>Dozent:innen- und Befugtenkonferenz:<\/strong><\/p>\n\n\n\n<div class=\"wp-block-columns is-layout-flex wp-container-core-columns-is-layout-28f84493 wp-block-columns-is-layout-flex\">\n<div class=\"wp-block-column is-layout-flow wp-block-column-is-layout-flow\" style=\"flex-basis:33.33%\">\n<p>Termin:<\/p>\n<\/div>\n\n\n\n<div class=\"wp-block-column is-layout-flow wp-block-column-is-layout-flow\" style=\"flex-basis:66.66%\">\n<p>Der n\u00e4chste Termin wird rechtzeitig bekanntgegeben.<\/p>\n<\/div>\n<\/div>\n\n\n\n<div class=\"wp-block-columns is-layout-flex wp-container-core-columns-is-layout-28f84493 wp-block-columns-is-layout-flex\">\n<div class=\"wp-block-column is-layout-flow wp-block-column-is-layout-flow\" style=\"flex-basis:33.33%\">\n<p>Ort:<\/p>\n<\/div>\n\n\n\n<div class=\"wp-block-column is-layout-flow wp-block-column-is-layout-flow\" style=\"flex-basis:66.66%\">\n<p class=\"has-link-color wp-elements-44ece1c691ad3281da947b7ed63ab3e4\">Der Veranstaltungsort wird rechtzeitig bekanntgegeben.<\/p>\n<\/div>\n<\/div>\n\n\n\n<div class=\"wp-block-columns is-layout-flex wp-container-core-columns-is-layout-28f84493 wp-block-columns-is-layout-flex\">\n<div class=\"wp-block-column is-layout-flow wp-block-column-is-layout-flow\" style=\"flex-basis:33.33%\">\n<p>Anmeldung:<\/p>\n<\/div>\n\n\n\n<div class=\"wp-block-column is-layout-flow wp-block-column-is-layout-flow\" style=\"flex-basis:66.66%\">\n<p><a href=\"mailto:a.kwalek@privatpraxis-halensee.de\" target=\"_blank\" rel=\"noreferrer noopener\">a.kwalek@privatpraxis-halensee.de<\/a><\/p>\n<\/div>\n<\/div>\n\n\n\n<p><\/p>\n","protected":false},"excerpt":{"rendered":"<p>30 Jahre Berliner Modell: Festschrift zum 30-j\u00e4hrigen Bestehen 40 Jahre Berliner Modell: Jubil\u00e4umsbrosch\u00fcre zum 40-j\u00e4hrigen Bestehen:Psychodynamische Psychotherapie in der Psychiatrie: Vision, Illusion, Realit\u00e4t? Semestertreffen: Termin: Der n\u00e4chste Termin wird rechtzeitig bekanntgegeben. Ort: Der Veranstaltungsort wird rechtzeitig bekanntgegeben. Anmeldung: a.kwalek@privatpraxis-halensee.de Dozent:innen- und Befugtenkonferenz: Termin: Der n\u00e4chste Termin wird rechtzeitig bekanntgegeben. Ort: Der Veranstaltungsort wird rechtzeitig bekanntgegeben. [&hellip;]<\/p>\n","protected":false},"author":1,"featured_media":0,"parent":0,"menu_order":0,"comment_status":"closed","ping_status":"closed","template":"","meta":{"footnotes":""},"class_list":["post-58","page","type-page","status-publish","hentry"],"_links":{"self":[{"href":"http:\/\/berliner-modell-tfp.de\/index.php\/wp-json\/wp\/v2\/pages\/58","targetHints":{"allow":["GET"]}}],"collection":[{"href":"http:\/\/berliner-modell-tfp.de\/index.php\/wp-json\/wp\/v2\/pages"}],"about":[{"href":"http:\/\/berliner-modell-tfp.de\/index.php\/wp-json\/wp\/v2\/types\/page"}],"author":[{"embeddable":true,"href":"http:\/\/berliner-modell-tfp.de\/index.php\/wp-json\/wp\/v2\/users\/1"}],"replies":[{"embeddable":true,"href":"http:\/\/berliner-modell-tfp.de\/index.php\/wp-json\/wp\/v2\/comments?post=58"}],"version-history":[{"count":19,"href":"http:\/\/berliner-modell-tfp.de\/index.php\/wp-json\/wp\/v2\/pages\/58\/revisions"}],"predecessor-version":[{"id":450,"href":"http:\/\/berliner-modell-tfp.de\/index.php\/wp-json\/wp\/v2\/pages\/58\/revisions\/450"}],"wp:attachment":[{"href":"http:\/\/berliner-modell-tfp.de\/index.php\/wp-json\/wp\/v2\/media?parent=58"}],"curies":[{"name":"wp","href":"https:\/\/api.w.org\/{rel}","templated":true}]}}